{"id":795,"date":"2020-03-12T15:29:20","date_gmt":"2020-03-12T14:29:20","guid":{"rendered":"https:\/\/www.p-i-c.ch\/?page_id=795"},"modified":"2025-04-03T13:37:13","modified_gmt":"2025-04-03T11:37:13","slug":"barteam","status":"publish","type":"page","link":"https:\/\/www.p-i-c.ch\/index.php\/barteam\/","title":{"rendered":"BarTeam"},"content":{"rendered":"\n<h2 class=\"wp-block-heading\"><strong>Wir suchen Leute f\u00fcrs Barteam <\/strong><\/h2>\n\n\n\n<p>Hast du Lust, im Barteam mitzumachen? Wenn ja, melde dich bei Oli (oliver.badr@brugg.ch).<\/p>\n\n\n\n<p><strong>N\u00e4here Infos:<\/strong><\/p>\n\n\n\n<ul class=\"wp-block-list\">\n<li>Du arbeitest, wann du willst und es dir passt, an unseren Events. Je nach deiner Verf\u00fcgbarkeit und der Anzahl unserer Events (mal mehr, mal weniger) kannst du nur einzelne Eins\u00e4tze machen oder aber regelm\u00e4ssig bei uns hinter der Bar stehen.<br><\/li>\n\n\n\n<li>Nach M\u00f6glichkeit und Lust bedienst du auch unsere Eingangskasse.<br><\/li>\n\n\n\n<li>Du arbeitest in der Regel in einem 2er-Team.<br><\/li>\n\n\n\n<li>Du brauchst keine Vorkenntnisse.<br><\/li>\n\n\n\n<li>Du musst mindestens 18 Jahre alt sein.<br><\/li>\n\n\n\n<li>Falls du es willst, kannst du bei uns auch in anderen Bereich t\u00e4tig sein (Licht, Ton, Veranstalten, etc.).<\/li>\n<\/ul>\n","protected":false},"excerpt":{"rendered":"<p>Wir suchen Leute f\u00fcrs Barteam Hast du Lust, im Barteam mitzumachen? Wenn ja, melde dich bei Oli (oliver.badr@brugg.ch). N\u00e4here Infos:<\/p>\n","protected":false},"author":1,"featured_media":0,"parent":0,"menu_order":0,"comment_status":"closed","ping_status":"closed","template":"","meta":{"footnotes":""},"class_list":["post-795","page","type-page","status-publish","hentry"],"_links":{"self":[{"href":"https:\/\/www.p-i-c.ch\/index.php\/wp-json\/wp\/v2\/pages\/795","targetHints":{"allow":["GET"]}}],"collection":[{"href":"https:\/\/www.p-i-c.ch\/index.php\/wp-json\/wp\/v2\/pages"}],"about":[{"href":"https:\/\/www.p-i-c.ch\/index.php\/wp-json\/wp\/v2\/types\/page"}],"author":[{"embeddable":true,"href":"https:\/\/www.p-i-c.ch\/index.php\/wp-json\/wp\/v2\/users\/1"}],"replies":[{"embeddable":true,"href":"https:\/\/www.p-i-c.ch\/index.php\/wp-json\/wp\/v2\/comments?post=795"}],"version-history":[{"count":9,"href":"https:\/\/www.p-i-c.ch\/index.php\/wp-json\/wp\/v2\/pages\/795\/revisions"}],"predecessor-version":[{"id":2106,"href":"https:\/\/www.p-i-c.ch\/index.php\/wp-json\/wp\/v2\/pages\/795\/revisions\/2106"}],"wp:attachment":[{"href":"https:\/\/www.p-i-c.ch\/index.php\/wp-json\/wp\/v2\/media?parent=795"}],"curies":[{"name":"wp","href":"https:\/\/api.w.org\/{rel}","templated":true}]}}