{"id":780,"date":"2020-03-12T15:03:28","date_gmt":"2020-03-12T14:03:28","guid":{"rendered":"https:\/\/www.p-i-c.ch\/?page_id=780"},"modified":"2021-09-24T17:09:44","modified_gmt":"2021-09-24T15:09:44","slug":"mitmachen","status":"publish","type":"page","link":"https:\/\/www.p-i-c.ch\/index.php\/mitmachen\/","title":{"rendered":"Mitmachen"},"content":{"rendered":"\n<p>Hast du Lust das Jugendkulturhaus Piccadilly aktiv mit zu gestalten?<br>Mit Unterst\u00fctzung des Leitungsteams kannst du eigene Veranstaltungen umsetzen.<\/p>\n\n\n\n<p>Von Live Konzerten \u00fcber Partys, Poetry Slam oder Theater ist alles m\u00f6glich.<\/p>\n\n\n\n<figure class=\"wp-block-image size-large\"><img loading=\"lazy\" decoding=\"async\" width=\"640\" height=\"264\" src=\"https:\/\/www.p-i-c.ch\/wp-content\/uploads\/TPO_chaos_0640-1.jpg\" alt=\"\" class=\"wp-image-808\" srcset=\"https:\/\/www.p-i-c.ch\/wp-content\/uploads\/TPO_chaos_0640-1.jpg 640w, https:\/\/www.p-i-c.ch\/wp-content\/uploads\/TPO_chaos_0640-1-300x124.jpg 300w\" sizes=\"auto, (max-width: 640px) 100vw, 640px\" \/><\/figure>\n\n\n\n<p>Wir freuen uns auf deine Ideen !!!<br><\/p>\n","protected":false},"excerpt":{"rendered":"<p>Hast du Lust das Jugendkulturhaus Piccadilly aktiv mit zu gestalten?Mit Unterst\u00fctzung des Leitungsteams kannst du eigene Veranstaltungen umsetzen. Von Live Konzerten \u00fcber Partys, Poetry Slam oder Theater ist alles m\u00f6glich. Wir freuen uns auf deine Ideen !!!<\/p>\n","protected":false},"author":1,"featured_media":0,"parent":0,"menu_order":0,"comment_status":"closed","ping_status":"closed","template":"","meta":{"footnotes":""},"class_list":["post-780","page","type-page","status-publish","hentry"],"_links":{"self":[{"href":"https:\/\/www.p-i-c.ch\/index.php\/wp-json\/wp\/v2\/pages\/780","targetHints":{"allow":["GET"]}}],"collection":[{"href":"https:\/\/www.p-i-c.ch\/index.php\/wp-json\/wp\/v2\/pages"}],"about":[{"href":"https:\/\/www.p-i-c.ch\/index.php\/wp-json\/wp\/v2\/types\/page"}],"author":[{"embeddable":true,"href":"https:\/\/www.p-i-c.ch\/index.php\/wp-json\/wp\/v2\/users\/1"}],"replies":[{"embeddable":true,"href":"https:\/\/www.p-i-c.ch\/index.php\/wp-json\/wp\/v2\/comments?post=780"}],"version-history":[{"count":4,"href":"https:\/\/www.p-i-c.ch\/index.php\/wp-json\/wp\/v2\/pages\/780\/revisions"}],"predecessor-version":[{"id":1113,"href":"https:\/\/www.p-i-c.ch\/index.php\/wp-json\/wp\/v2\/pages\/780\/revisions\/1113"}],"wp:attachment":[{"href":"https:\/\/www.p-i-c.ch\/index.php\/wp-json\/wp\/v2\/media?parent=780"}],"curies":[{"name":"wp","href":"https:\/\/api.w.org\/{rel}","templated":true}]}}