{"id":737,"date":"2020-02-23T17:51:58","date_gmt":"2020-02-23T16:51:58","guid":{"rendered":"https:\/\/www.p-i-c.ch\/?page_id=737"},"modified":"2025-05-01T12:14:52","modified_gmt":"2025-05-01T10:14:52","slug":"mittagstisch-oberstufe","status":"publish","type":"page","link":"https:\/\/www.p-i-c.ch\/index.php\/jugendarbeit\/mittagstisch-oberstufe\/","title":{"rendered":"Mittagstisch Oberstufe"},"content":{"rendered":"\n<figure class=\"wp-block-image size-full\"><img loading=\"lazy\" decoding=\"async\" width=\"595\" height=\"850\" src=\"https:\/\/www.p-i-c.ch\/wp-content\/uploads\/info-miti_neu.png\" alt=\"\" class=\"wp-image-2123\" srcset=\"https:\/\/www.p-i-c.ch\/wp-content\/uploads\/info-miti_neu.png 595w, https:\/\/www.p-i-c.ch\/wp-content\/uploads\/info-miti_neu-210x300.png 210w\" sizes=\"auto, (max-width: 595px) 100vw, 595px\" \/><\/figure>\n\n\n\n<p><a href=\"http:\/\/www.schule-brugg.ch\/schule\/angebote\/anmeldung-betreuung\/\">Elterninformation<\/a> zur aktuellen Situation in den Brugger Schulen <\/p>\n\n\n\n<p>Der Mittagstisch f\u00fcr Oberstufensch\u00fcler und -sch\u00fclerinnen ist ein Teil der <a href=\"http:\/\/www.schule-brugg.ch\/fileadmin\/user_upload\/2020_Flyer_MiTi_PIC.pdf\">Tagesstrukturen der Stadt Brugg<\/a> und wird in den R\u00e4umlichkeiten des Piccadilly (Jugendhaus) angeboten.<\/p>\n\n\n\n<p>\u2022 Der Mittagstisch im Piccadilly ist ein betreuter Ort mit einer<br>gesunden, vollwertigen Verpflegung.<br>\u2022 F\u00fcr die Betreuung stehen verschiedene Aufenthaltsr\u00e4ume<br>und Angebote zur Verf\u00fcgung (T\u00f6ggelichaste, Lesestoff,<br>Spiele, Ruheraum, Garten).<br>\u2022 Die Pl\u00e4tze sind auf 35 Personen beschr\u00e4nkt.<\/p>\n\n\n\n<p><strong>Betreuung\/Umgang<\/strong><br>Der Betreuerstab besteht aus den beiden Jugendarbeitenden<br>Michaela Ortlepp und Oliver Badrzadeh, welche auch das<br>Piccadilly leiten. Unterst\u00fctzt werden sie jeweils von einem Zivildienstleistenden. Wir legen Wert auf ein partnerschaftliches<br>Verh\u00e4ltnis und einen vertrauten Umgang miteinander, wie es in<br>der Jugendarbeit \u00fcblich ist. Das heisst, dass wir gemeinsam<br>Essen und die Freizeit zusammen verbringen. Reden, quatschen, diskutieren, spielen.<\/p>\n\n\n\n<p><\/p>\n","protected":false},"excerpt":{"rendered":"<p>Elterninformation zur aktuellen Situation in den Brugger Schulen Der Mittagstisch f\u00fcr Oberstufensch\u00fcler und -sch\u00fclerinnen ist ein Teil der Tagesstrukturen der Stadt Brugg und wird in den R\u00e4umlichkeiten des Piccadilly (Jugendhaus) angeboten. \u2022 Der Mittagstisch im Piccadilly ist ein betreuter Ort mit einergesunden, vollwertigen Verpflegung.\u2022 F\u00fcr die Betreuung stehen verschiedene Aufenthaltsr\u00e4umeund Angebote zur Verf\u00fcgung (T\u00f6ggelichaste, Lesestoff,Spiele, &hellip; <\/p>\n<p class=\"link-more\"><a href=\"https:\/\/www.p-i-c.ch\/index.php\/jugendarbeit\/mittagstisch-oberstufe\/\" class=\"more-link\"><span class=\"screen-reader-text\">\u201eMittagstisch Oberstufe\u201c<\/span> weiterlesen<\/a><\/p>\n","protected":false},"author":1,"featured_media":0,"parent":59,"menu_order":0,"comment_status":"closed","ping_status":"closed","template":"","meta":{"footnotes":""},"class_list":["post-737","page","type-page","status-publish","hentry"],"_links":{"self":[{"href":"https:\/\/www.p-i-c.ch\/index.php\/wp-json\/wp\/v2\/pages\/737","targetHints":{"allow":["GET"]}}],"collection":[{"href":"https:\/\/www.p-i-c.ch\/index.php\/wp-json\/wp\/v2\/pages"}],"about":[{"href":"https:\/\/www.p-i-c.ch\/index.php\/wp-json\/wp\/v2\/types\/page"}],"author":[{"embeddable":true,"href":"https:\/\/www.p-i-c.ch\/index.php\/wp-json\/wp\/v2\/users\/1"}],"replies":[{"embeddable":true,"href":"https:\/\/www.p-i-c.ch\/index.php\/wp-json\/wp\/v2\/comments?post=737"}],"version-history":[{"count":8,"href":"https:\/\/www.p-i-c.ch\/index.php\/wp-json\/wp\/v2\/pages\/737\/revisions"}],"predecessor-version":[{"id":2124,"href":"https:\/\/www.p-i-c.ch\/index.php\/wp-json\/wp\/v2\/pages\/737\/revisions\/2124"}],"up":[{"embeddable":true,"href":"https:\/\/www.p-i-c.ch\/index.php\/wp-json\/wp\/v2\/pages\/59"}],"wp:attachment":[{"href":"https:\/\/www.p-i-c.ch\/index.php\/wp-json\/wp\/v2\/media?parent=737"}],"curies":[{"name":"wp","href":"https:\/\/api.w.org\/{rel}","templated":true}]}}