{"id":701,"date":"2020-01-30T18:00:08","date_gmt":"2020-01-30T17:00:08","guid":{"rendered":"http:\/\/www.p-i-c.ch\/?page_id=701"},"modified":"2020-05-02T11:40:57","modified_gmt":"2020-05-02T09:40:57","slug":"bandraeume","status":"publish","type":"page","link":"https:\/\/www.p-i-c.ch\/index.php\/privatanlaesse\/bandraeume\/","title":{"rendered":"Bandr\u00e4ume"},"content":{"rendered":"\n<p><strong><em>Im Jugendhaus Piccadilly stehen zwei Bandr\u00e4ume zu g\u00fcnstigen Konditionen zur Verf\u00fcgung.<\/em><\/strong>  <\/p>\n\n\n\n<p><strong>Rahmenbedingungen&nbsp;<\/strong>&nbsp;<\/p>\n\n\n\n<ul class=\"wp-block-list\"><li>Wir sind ein Jugendkulturhaus und f\u00f6rdern junge Musik und Kultur. Das Durchschnittsalter der Bandmitglieder \u00fcberschreitet nicht 26.\u00a0<br>\u00a0<\/li><li>Bezug zu Brugg ist gegeben: Wohn-, Ausbildungs- oder Arbeitsort,\u00a0Social\u00a0Life.\u00a0<br>\u00a0<\/li><li>Es findet alle f\u00fcnf Jahre zu Beginn des Jahres eine Ausschreibung der Bandr\u00e4ume statt. Unter Einhaltung der anderen Rahmenbedingungen k\u00f6nnen sich auch die bisherigen Mieter wieder bewerben. Auf Ende des Jahres findet der allf\u00e4llige Wechsel statt.<\/li><\/ul>\n\n\n\n<p><\/p>\n\n\n<p><!--EndFragment--><\/p>\n<p><b><span data-contrast=\"auto\">Mietpreis<\/span><\/b><span data-ccp-props=\"{&quot;335559739&quot;:40}\">&nbsp;<\/span><\/p>\n<ul>\n<li><span style=\"font-size: 1rem;\" data-contrast=\"auto\">Durchschnittsalter der Band unter 18 Jahre = CHF 30.- pro Monat<\/span><span style=\"font-size: 1rem;\">&nbsp;<\/span><span data-ccp-props=\"{&quot;134233279&quot;:true,&quot;335559685&quot;:993,&quot;335559739&quot;:40,&quot;335559991&quot;:567}\">&nbsp;<\/span><\/li>\n<li data-leveltext=\"\uf0b7\" data-font=\"Symbol\" data-listid=\"8\" aria-setsize=\"-1\" data-aria-posinset=\"2\" data-aria-level=\"1\"><span data-contrast=\"auto\">Durchschnittsalter der Band&nbsp;\u00fcber&nbsp; 18&nbsp;Jahre = CHF 50.- pro Monat<\/span><span data-ccp-props=\"{&quot;134233279&quot;:true,&quot;335559685&quot;:993,&quot;335559739&quot;:40,&quot;335559991&quot;:567}\">&nbsp;<\/span><\/li>\n<\/ul>","protected":false},"excerpt":{"rendered":"<p>Im Jugendhaus Piccadilly stehen zwei Bandr\u00e4ume zu g\u00fcnstigen Konditionen zur Verf\u00fcgung. Rahmenbedingungen&nbsp;&nbsp; Wir sind ein Jugendkulturhaus und f\u00f6rdern junge Musik und Kultur. Das Durchschnittsalter der Bandmitglieder \u00fcberschreitet nicht 26.\u00a0\u00a0 Bezug zu Brugg ist gegeben: Wohn-, Ausbildungs- oder Arbeitsort,\u00a0Social\u00a0Life.\u00a0\u00a0 Es findet alle f\u00fcnf Jahre zu Beginn des Jahres eine Ausschreibung der Bandr\u00e4ume statt. Unter Einhaltung der &hellip; <\/p>\n<p class=\"link-more\"><a href=\"https:\/\/www.p-i-c.ch\/index.php\/privatanlaesse\/bandraeume\/\" class=\"more-link\"><span class=\"screen-reader-text\">\u201eBandr\u00e4ume\u201c<\/span> weiterlesen<\/a><\/p>\n","protected":false},"author":1,"featured_media":0,"parent":70,"menu_order":0,"comment_status":"closed","ping_status":"closed","template":"","meta":{"footnotes":""},"class_list":["post-701","page","type-page","status-publish","hentry"],"_links":{"self":[{"href":"https:\/\/www.p-i-c.ch\/index.php\/wp-json\/wp\/v2\/pages\/701","targetHints":{"allow":["GET"]}}],"collection":[{"href":"https:\/\/www.p-i-c.ch\/index.php\/wp-json\/wp\/v2\/pages"}],"about":[{"href":"https:\/\/www.p-i-c.ch\/index.php\/wp-json\/wp\/v2\/types\/page"}],"author":[{"embeddable":true,"href":"https:\/\/www.p-i-c.ch\/index.php\/wp-json\/wp\/v2\/users\/1"}],"replies":[{"embeddable":true,"href":"https:\/\/www.p-i-c.ch\/index.php\/wp-json\/wp\/v2\/comments?post=701"}],"version-history":[{"count":7,"href":"https:\/\/www.p-i-c.ch\/index.php\/wp-json\/wp\/v2\/pages\/701\/revisions"}],"predecessor-version":[{"id":863,"href":"https:\/\/www.p-i-c.ch\/index.php\/wp-json\/wp\/v2\/pages\/701\/revisions\/863"}],"up":[{"embeddable":true,"href":"https:\/\/www.p-i-c.ch\/index.php\/wp-json\/wp\/v2\/pages\/70"}],"wp:attachment":[{"href":"https:\/\/www.p-i-c.ch\/index.php\/wp-json\/wp\/v2\/media?parent=701"}],"curies":[{"name":"wp","href":"https:\/\/api.w.org\/{rel}","templated":true}]}}