{"id":70,"date":"2018-03-28T13:49:05","date_gmt":"2018-03-28T11:49:05","guid":{"rendered":"http:\/\/web121.login-124.hoststar.ch\/dev0\/?page_id=70"},"modified":"2022-02-15T16:02:32","modified_gmt":"2022-02-15T15:02:32","slug":"privatanlaesse","status":"publish","type":"page","link":"https:\/\/www.p-i-c.ch\/index.php\/privatanlaesse\/","title":{"rendered":"Vermietung f\u00fcr Privatanl\u00e4sse"},"content":{"rendered":"\n<p>Das Piccadilly verf\u00fcgt \u00fcber verschiedene R\u00e4ume, die f\u00fcr geschlossene Privatanl\u00e4sse gemietet werden k\u00f6nnen. Die Anmeldung und Absprache erfolgt mit den Jugendarbeitenden des Hauses. <\/p>\n\n\n\n<p><strong>Mietanfragen bitte an folgende E-Mail Adresse senden: <\/strong><br>vermietung@p-i-c.ch<\/p>\n\n\n\n<h2 class=\"wp-block-heading\" id=\"veranstaltungsraum\"> Veranstaltungsraum <\/h2>\n\n\n\n<div class=\"wp-block-image\"><figure class=\"aligncenter is-resized\"><img loading=\"lazy\" decoding=\"async\" src=\"http:\/\/www.p-i-c.ch\/wp-content\/uploads\/01998-300x200.jpg\" alt=\"Veranstaltungssaal des Piccadilly - Blick auf die Bar und den Eingang\" class=\"wp-image-143\" width=\"446\" height=\"297\" srcset=\"https:\/\/www.p-i-c.ch\/wp-content\/uploads\/01998-300x200.jpg 300w, https:\/\/www.p-i-c.ch\/wp-content\/uploads\/01998.jpg 700w\" sizes=\"auto, (max-width: 446px) 100vw, 446px\" \/><figcaption> Im UG befindet sich der <strong>Veranstaltungsraum<\/strong> mit einer Bar und zwei K\u00fchlschr\u00e4nken, inkl. einer Bierzapfanlage und eines Geschirrsp\u00fclers. Der Saal ist mit einer professionellen Musik- und Lichtanlage ausgestattet.  <\/figcaption><\/figure><\/div>\n\n\n\n<p><strong>ANZAHL PERSONEN<\/strong><br> 250 Personen<br><strong>KOSTEN\/MIETE<\/strong><br>CHF 500.- exlusive techn. Support <br><strong>TECHNISCHER SUPPORT<\/strong><br>CHF 300.-<br><strong>DEPOT<\/strong><br>CHF 500.-<\/p>\n\n\n\n<h2 class=\"wp-block-heading\" id=\"cafeteria-und-kuche\">Cafeteria und K\u00fcche<\/h2>\n\n\n\n<div class=\"wp-block-image\"><figure class=\"aligncenter is-resized\"><img loading=\"lazy\" decoding=\"async\" src=\"http:\/\/www.p-i-c.ch\/wp-content\/uploads\/02005-300x225.jpg\" alt=\"\" class=\"wp-image-144\" width=\"439\" height=\"329\" srcset=\"https:\/\/www.p-i-c.ch\/wp-content\/uploads\/02005-300x225.jpg 300w, https:\/\/www.p-i-c.ch\/wp-content\/uploads\/02005.jpg 650w\" sizes=\"auto, (max-width: 439px) 100vw, 439px\" \/><figcaption>Die <strong>K\u00fcche<\/strong> ist professionell eingerichtet (8 Herdplatten, grosse Pfannen, 2 Back\u00f6fen, Geschirrsp\u00fclmaschine, Kaffeemaschine, 1 K\u00fchlschrank, usw.) mit Geschirr f\u00fcr etwa 40 Personen.  <br>Die <strong>Cafeteria <\/strong>ist mit einer kleinen HiFi-Anlage und einem Beamer ausgestattet.  <\/figcaption><\/figure><\/div>\n\n\n\n<p><strong>ANZAHL PERSONEN<\/strong><br> 40 Personen<br><strong>KOSTEN\/MIETE<\/strong><br>CHF 200.- <br> <strong>DEPOT<\/strong><br>CHF 150.-<\/p>\n\n\n\n<h2 class=\"wp-block-heading\" id=\"backstage-aufenthaltsbereich\"> Backstage \/ Aufenthaltsbereich <\/h2>\n\n\n\n<div class=\"wp-block-image\"><figure class=\"aligncenter is-resized\"><img loading=\"lazy\" decoding=\"async\" src=\"http:\/\/www.p-i-c.ch\/wp-content\/uploads\/IMG_4510-300x225.jpg\" alt=\"\" class=\"wp-image-379\" width=\"440\" height=\"330\" srcset=\"https:\/\/www.p-i-c.ch\/wp-content\/uploads\/IMG_4510-300x225.jpg 300w, https:\/\/www.p-i-c.ch\/wp-content\/uploads\/IMG_4510-768x576.jpg 768w, https:\/\/www.p-i-c.ch\/wp-content\/uploads\/IMG_4510-1024x768.jpg 1024w, https:\/\/www.p-i-c.ch\/wp-content\/uploads\/IMG_4510.jpg 2016w\" sizes=\"auto, (max-width: 440px) 100vw, 440px\" \/><figcaption> Im <strong>Backstage \/ Aufenthaltsbereich<\/strong> im alten Hausteil befinden sich drei Zimmer. Das grosse Aufenthaltszimmer ist mit einer Bar, einer HiFi-Anlage und einem grossen K\u00fchlschrank ausgestattet. Diese R\u00e4ume sind gem\u00fctlich eingerichtet und laden zum Verweilen ein. Auch der grosse Balkon bietet sich zur Mitbenutzung an. <\/figcaption><\/figure><\/div>\n\n\n\n<p><strong>ANZAHL PERSONEN<\/strong><br> 40 Personen.<br><strong>KOSTEN\/MIETE<\/strong><br>CHF 150.-  <br> <strong>DEPOT<\/strong><br>CHF 150.- <\/p>\n\n\n\n<p>Im Sommer bietet sich zudem der <strong>Gartensitzplatz<\/strong> zum gem\u00fctlichen Beisammensein an, etwa mit einer Grillade vom Kugelgrill. Dazu k\u00f6nnen auch zwei Festbankgarnituren und eine mobile Bar gemietet werden. <\/p>\n\n\n<p>Der Caferia und die K\u00fcche sind <strong>rollstuhltauglich <\/strong>(ebenerdig). Die Toiletten befinden sich im UG, das allerdings nur von ausserhalb des Hauses mit dem Rollstuhl zug\u00e4nglich ist. Das UG kann vom T\u00f6rlirain her mit einer Rampe (ben\u00f6tigt aber 4 starke arme zum Aufstellen) durch den Veranstaltungssaal erreicht werden. Mieter informieren hierf\u00fcr bitte im Vorfeld die Jugendarbeitenden, so dass diese bereitgestellt werden kann.<\/p>\n\n\n<h2 class=\"wp-block-heading\" id=\"miete-des-ganzen-hauses\">Miete des ganzen Hauses<\/h2>\n\n\n\n<p><strong>KOSTEN\/MIETE<\/strong><br>CHF 800.-  <br><strong>DEPOT<\/strong><br>CHF 500.-  <\/p>\n","protected":false},"excerpt":{"rendered":"<p>Das Piccadilly verf\u00fcgt \u00fcber verschiedene R\u00e4ume, die f\u00fcr geschlossene Privatanl\u00e4sse gemietet werden k\u00f6nnen. Die Anmeldung und Absprache erfolgt mit den Jugendarbeitenden des Hauses. Mietanfragen bitte an folgende E-Mail Adresse senden: vermietung@p-i-c.ch Veranstaltungsraum ANZAHL PERSONEN 250 PersonenKOSTEN\/MIETECHF 500.- exlusive techn. Support TECHNISCHER SUPPORTCHF 300.-DEPOTCHF 500.- Cafeteria und K\u00fcche ANZAHL PERSONEN 40 PersonenKOSTEN\/MIETECHF 200.- DEPOTCHF 150.- Backstage &hellip; <\/p>\n<p class=\"link-more\"><a href=\"https:\/\/www.p-i-c.ch\/index.php\/privatanlaesse\/\" class=\"more-link\"><span class=\"screen-reader-text\">\u201eVermietung f\u00fcr Privatanl\u00e4sse\u201c<\/span> weiterlesen<\/a><\/p>\n","protected":false},"author":1,"featured_media":0,"parent":0,"menu_order":0,"comment_status":"closed","ping_status":"closed","template":"","meta":{"footnotes":""},"class_list":["post-70","page","type-page","status-publish","hentry"],"_links":{"self":[{"href":"https:\/\/www.p-i-c.ch\/index.php\/wp-json\/wp\/v2\/pages\/70","targetHints":{"allow":["GET"]}}],"collection":[{"href":"https:\/\/www.p-i-c.ch\/index.php\/wp-json\/wp\/v2\/pages"}],"about":[{"href":"https:\/\/www.p-i-c.ch\/index.php\/wp-json\/wp\/v2\/types\/page"}],"author":[{"embeddable":true,"href":"https:\/\/www.p-i-c.ch\/index.php\/wp-json\/wp\/v2\/users\/1"}],"replies":[{"embeddable":true,"href":"https:\/\/www.p-i-c.ch\/index.php\/wp-json\/wp\/v2\/comments?post=70"}],"version-history":[{"count":27,"href":"https:\/\/www.p-i-c.ch\/index.php\/wp-json\/wp\/v2\/pages\/70\/revisions"}],"predecessor-version":[{"id":1232,"href":"https:\/\/www.p-i-c.ch\/index.php\/wp-json\/wp\/v2\/pages\/70\/revisions\/1232"}],"wp:attachment":[{"href":"https:\/\/www.p-i-c.ch\/index.php\/wp-json\/wp\/v2\/media?parent=70"}],"curies":[{"name":"wp","href":"https:\/\/api.w.org\/{rel}","templated":true}]}}