{"id":69,"date":"2018-03-28T13:49:05","date_gmt":"2018-03-28T11:49:05","guid":{"rendered":"http:\/\/web121.login-124.hoststar.ch\/dev0\/?page_id=69"},"modified":"2024-05-23T16:10:14","modified_gmt":"2024-05-23T14:10:14","slug":"der-vorstand","status":"publish","type":"page","link":"https:\/\/www.p-i-c.ch\/index.php\/der-vorstand\/","title":{"rendered":"Der Vorstand"},"content":{"rendered":"<p>aktuelle Vorstandsmitglieder:<\/p>\n<ul>\n<li><a href=\"mailto:\/\/majken@kalt-larsen.ch\">Majken Larsen, Pr\u00e4sidentin<\/a><\/li>\n<li>Thomas Hollinger, Finanzen<\/li>\n<li>Ueli Zweifel (i.V. Kath. Kirche)<\/li>\n<li>Reto Wettstein (i.V. Stadtrat Brugg)<\/li>\n<\/ul>\n<p>Der Vorstand des Vereines Piccadilly hat die Aufgabe, die Vereinsinteressen innerhalb des Betriebs zu wahren und das Piccadilly nach aussen zu vertreten. Dabei legt er die strategischen Schwerpunkte fest und tr\u00e4gt die Verantwortung f\u00fcr die Umsetzung und Einhaltung des Konzeptes.<\/p>\n<p>Die Vorstandsmitglieder bem\u00fchen sich, Entwicklungen in der Jugendarbeit zu verfolgen und die Erkenntnisse in die Arbeit einfliessen zu lassen.<\/p>\n<p>Zu seinen Aufgaben z\u00e4hlen zudem die Mittelbeschaffung, die F\u00fchrung der Vereinsbuchhaltung, Erstellen der Jahresrechnung, des Budgets und der Jahresberichte zuhanden der Vereinsversammlung.<\/p>\n<p>Er f\u00fchrt Mitarbeitergespr\u00e4che und macht Vorschl\u00e4ge und Empfehlungen bei der Anstellung der Jugendarbeitenden \/ Animator\/-innen im Pic.<\/p>\n","protected":false},"excerpt":{"rendered":"<p>aktuelle Vorstandsmitglieder: Majken Larsen, Pr\u00e4sidentin Thomas Hollinger, Finanzen Ueli Zweifel (i.V. Kath. Kirche) Reto Wettstein (i.V. Stadtrat Brugg) Der Vorstand des Vereines Piccadilly hat die Aufgabe, die Vereinsinteressen innerhalb des Betriebs zu wahren und das Piccadilly nach aussen zu vertreten. Dabei legt er die strategischen Schwerpunkte fest und tr\u00e4gt die Verantwortung f\u00fcr die Umsetzung und &hellip; <\/p>\n<p class=\"link-more\"><a href=\"https:\/\/www.p-i-c.ch\/index.php\/der-vorstand\/\" class=\"more-link\"><span class=\"screen-reader-text\">\u201eDer Vorstand\u201c<\/span> weiterlesen<\/a><\/p>\n","protected":false},"author":1,"featured_media":0,"parent":0,"menu_order":0,"comment_status":"closed","ping_status":"closed","template":"","meta":{"footnotes":""},"class_list":["post-69","page","type-page","status-publish","hentry"],"_links":{"self":[{"href":"https:\/\/www.p-i-c.ch\/index.php\/wp-json\/wp\/v2\/pages\/69","targetHints":{"allow":["GET"]}}],"collection":[{"href":"https:\/\/www.p-i-c.ch\/index.php\/wp-json\/wp\/v2\/pages"}],"about":[{"href":"https:\/\/www.p-i-c.ch\/index.php\/wp-json\/wp\/v2\/types\/page"}],"author":[{"embeddable":true,"href":"https:\/\/www.p-i-c.ch\/index.php\/wp-json\/wp\/v2\/users\/1"}],"replies":[{"embeddable":true,"href":"https:\/\/www.p-i-c.ch\/index.php\/wp-json\/wp\/v2\/comments?post=69"}],"version-history":[{"count":10,"href":"https:\/\/www.p-i-c.ch\/index.php\/wp-json\/wp\/v2\/pages\/69\/revisions"}],"predecessor-version":[{"id":1810,"href":"https:\/\/www.p-i-c.ch\/index.php\/wp-json\/wp\/v2\/pages\/69\/revisions\/1810"}],"wp:attachment":[{"href":"https:\/\/www.p-i-c.ch\/index.php\/wp-json\/wp\/v2\/media?parent=69"}],"curies":[{"name":"wp","href":"https:\/\/api.w.org\/{rel}","templated":true}]}}