{"id":59,"date":"2018-03-28T13:35:44","date_gmt":"2018-03-28T11:35:44","guid":{"rendered":"http:\/\/web121.login-124.hoststar.ch\/dev0\/?page_id=59"},"modified":"2025-05-27T15:53:58","modified_gmt":"2025-05-27T13:53:58","slug":"jugendarbeit","status":"publish","type":"page","link":"https:\/\/www.p-i-c.ch\/index.php\/jugendarbeit\/","title":{"rendered":"Jugendarbeit"},"content":{"rendered":"<p><strong>Treffpunkt und Anlaufstelle f\u00fcr Jugendliche u16<\/strong><\/p>\n<figure id=\"attachment_117\" aria-describedby=\"caption-attachment-117\" style=\"width: 234px\" class=\"wp-caption alignleft\"><img loading=\"lazy\" decoding=\"async\" class=\" wp-image-117\" src=\"http:\/\/www.p-i-c.ch\/wp-content\/uploads\/red-ink-splatter-300x257.png\" alt=\"\" width=\"234\" height=\"200\" srcset=\"https:\/\/www.p-i-c.ch\/wp-content\/uploads\/red-ink-splatter-300x257.png 300w, https:\/\/www.p-i-c.ch\/wp-content\/uploads\/red-ink-splatter-768x658.png 768w, https:\/\/www.p-i-c.ch\/wp-content\/uploads\/red-ink-splatter-1024x878.png 1024w, https:\/\/www.p-i-c.ch\/wp-content\/uploads\/red-ink-splatter.png 1400w\" sizes=\"auto, (max-width: 234px) 100vw, 234px\" \/><figcaption id=\"caption-attachment-117\" class=\"wp-caption-text\">Jugendtreff f\u00fcr Sch\u00fcler*Innen<\/figcaption><\/figure>\n<p>Das Piccadilly ist nicht nur ein Jugendkulturhaus in dem Konzerte und Veranstaltungen f\u00fcr Jugendliche \u00fcber 16 Jahren stattfinden. Die Jugendarbeitenden gestalten auch Anl\u00e4sse und Projekte mit Jugendlichen von 12 &#8211; 16 Jahren. Jugendkulturtage, Sch\u00fclerdiscos und vieles mehr finden regelm\u00e4ssig im Haus statt.&nbsp;<\/p>\n<p>Folge uns auf <a href=\"https:\/\/www.instagram.com\/piccadilly.brugg.jugend\/\">Instagram<\/a>, um auf dem Laufenden zu sein.<\/p>\n<\/p>\n\n\n<p>Die Jugendarbeitenden Michaela und Oli sind vor Ort, wenn Fragen sind oder man einfach mal quatschen m\u00f6chte. Sie sind immer f\u00fcr ein Kartenspiel oder eine Gamingsession zu haben.<\/p>\n\n\n\n<p>F\u00fcr den Treff gilt keine Verpflichtung und eine Anmeldung ist nicht notwendig. Du wohnst und gehst in Brugg zur Schule? Dann bist du willkommen! Freunde mitzubringen ist selbstverst\u00e4ndlich erlaubt.<\/p>\n\n\n\n<figure class=\"wp-block-image size-large\"><img loading=\"lazy\" decoding=\"async\" width=\"731\" height=\"1024\" src=\"https:\/\/www.p-i-c.ch\/wp-content\/uploads\/programm-mai-jul-25-neu2-731x1024.png\" alt=\"\" class=\"wp-image-2133\" srcset=\"https:\/\/www.p-i-c.ch\/wp-content\/uploads\/programm-mai-jul-25-neu2-731x1024.png 731w, https:\/\/www.p-i-c.ch\/wp-content\/uploads\/programm-mai-jul-25-neu2-214x300.png 214w, https:\/\/www.p-i-c.ch\/wp-content\/uploads\/programm-mai-jul-25-neu2-768x1076.png 768w, https:\/\/www.p-i-c.ch\/wp-content\/uploads\/programm-mai-jul-25-neu2.png 850w\" sizes=\"auto, (max-width: 731px) 100vw, 731px\" \/><\/figure>\n\n\n","protected":false},"excerpt":{"rendered":"<p>Treffpunkt und Anlaufstelle f\u00fcr Jugendliche u16 Das Piccadilly ist nicht nur ein Jugendkulturhaus in dem Konzerte und Veranstaltungen f\u00fcr Jugendliche \u00fcber 16 Jahren stattfinden. Die Jugendarbeitenden gestalten auch Anl\u00e4sse und Projekte mit Jugendlichen von 12 &#8211; 16 Jahren. Jugendkulturtage, Sch\u00fclerdiscos und vieles mehr finden regelm\u00e4ssig im Haus statt.&nbsp; Folge uns auf Instagram, um auf dem &hellip; <\/p>\n<p class=\"link-more\"><a href=\"https:\/\/www.p-i-c.ch\/index.php\/jugendarbeit\/\" class=\"more-link\"><span class=\"screen-reader-text\">\u201eJugendarbeit\u201c<\/span> weiterlesen<\/a><\/p>\n","protected":false},"author":1,"featured_media":0,"parent":0,"menu_order":0,"comment_status":"closed","ping_status":"closed","template":"","meta":{"footnotes":""},"class_list":["post-59","page","type-page","status-publish","hentry"],"_links":{"self":[{"href":"https:\/\/www.p-i-c.ch\/index.php\/wp-json\/wp\/v2\/pages\/59","targetHints":{"allow":["GET"]}}],"collection":[{"href":"https:\/\/www.p-i-c.ch\/index.php\/wp-json\/wp\/v2\/pages"}],"about":[{"href":"https:\/\/www.p-i-c.ch\/index.php\/wp-json\/wp\/v2\/types\/page"}],"author":[{"embeddable":true,"href":"https:\/\/www.p-i-c.ch\/index.php\/wp-json\/wp\/v2\/users\/1"}],"replies":[{"embeddable":true,"href":"https:\/\/www.p-i-c.ch\/index.php\/wp-json\/wp\/v2\/comments?post=59"}],"version-history":[{"count":28,"href":"https:\/\/www.p-i-c.ch\/index.php\/wp-json\/wp\/v2\/pages\/59\/revisions"}],"predecessor-version":[{"id":2139,"href":"https:\/\/www.p-i-c.ch\/index.php\/wp-json\/wp\/v2\/pages\/59\/revisions\/2139"}],"wp:attachment":[{"href":"https:\/\/www.p-i-c.ch\/index.php\/wp-json\/wp\/v2\/media?parent=59"}],"curies":[{"name":"wp","href":"https:\/\/api.w.org\/{rel}","templated":true}]}}