{"id":2355,"date":"2026-02-21T13:27:45","date_gmt":"2026-02-21T12:27:45","guid":{"rendered":"https:\/\/www.p-i-c.ch\/?page_id=2355"},"modified":"2026-02-21T13:33:58","modified_gmt":"2026-02-21T12:33:58","slug":"textilab","status":"publish","type":"page","link":"https:\/\/www.p-i-c.ch\/index.php\/textilab\/","title":{"rendered":"Textilab"},"content":{"rendered":"\n<figure class=\"wp-block-image size-large is-resized\"><img loading=\"lazy\" decoding=\"async\" width=\"724\" height=\"1024\" src=\"https:\/\/www.p-i-c.ch\/wp-content\/uploads\/textilab26-724x1024.png\" alt=\"\" class=\"wp-image-2356\" style=\"width:473px;height:auto\" srcset=\"https:\/\/www.p-i-c.ch\/wp-content\/uploads\/textilab26-724x1024.png 724w, https:\/\/www.p-i-c.ch\/wp-content\/uploads\/textilab26-212x300.png 212w, https:\/\/www.p-i-c.ch\/wp-content\/uploads\/textilab26-768x1086.png 768w, https:\/\/www.p-i-c.ch\/wp-content\/uploads\/textilab26.png 842w\" sizes=\"auto, (max-width: 724px) 100vw, 724px\" \/><\/figure>\n\n\n\n<p><\/p>\n\n\n\n<p><strong>Kursbeitrag f\u00fcr 3 Tage pro Kind: 30 CHF<\/strong><\/p>\n\n\n\n<p><strong>Anmeldung bis Fr., 10.04.2026<\/strong><\/p>\n\n\n\n<p><strong>Diese wird am ersten Tag in bar bei der Kursleitung entrichtet.<\/strong><\/p>\n\n\n\n<p><strong>Kein Twint\/Kartenzahlung!<\/strong><\/p>\n\n\n\n<p><strong>Konzept &amp; Voraussetzung<\/strong>:<\/p>\n\n\n\n<ul class=\"wp-block-list\">\n<li>Die Kinder arbeiten jeweils an einer ihnen bereitgestellten N\u00e4hmaschine<\/li>\n\n\n\n<li>Sie sollten schon mal an einer N\u00e4hmaschine gearbeitet haben (Schule, zu Hause), denn dies ist KEIN Kurs, wo das N\u00e4hen von grundauf gelehrt wird<\/li>\n\n\n\n<li>Die Stoffe und Materialien werden zur Verf\u00fcgung gestellt<\/li>\n\n\n\n<li>Die Kursgeb\u00fchr dient nur als \u201ckleiner\u201d Obolus &#8211; wir arbeiten nicht kostendeckend oder gewinnorientiert. Von der Geb\u00fchr wird z. B. das Material, die Kursleitung und der Unterhalt der Maschinen aber auch der Mittagssnack finanziert<\/li>\n\n\n\n<li>Wir legen Wert auf ein qualitativ hochwertiges Angebot, mit dem Ziel, ein gutes, zufriedenstellendes Ergebnis zu erhalten<\/li>\n\n\n\n<li>Es ist in unserem Sinn, dass die Kinder gerne am Kurs teilnehmen. Sollte ein Kind eigentlich keine \u201cLust\u201d haben, tr\u00fcbt das die Gruppendynamik und erschwert oft die F\u00fchrung der Kursleitung<\/li>\n\n\n\n<li>Wir arbeiten pro Tag an einem Werkst\u00fcck. Nach 3 Tagen k\u00f6nnen somit 3 St\u00fccke mit nach Hause genommen werden<\/li>\n<\/ul>\n\n\n<style id=\"wpforms-css-vars-root\">\n\t\t\t\t:root {\n\t\t\t\t\t--wpforms-field-border-radius: 3px;\n--wpforms-field-border-style: solid;\n--wpforms-field-border-size: 1px;\n--wpforms-field-background-color: #ffffff;\n--wpforms-field-border-color: rgba( 0, 0, 0, 0.25 );\n--wpforms-field-border-color-spare: rgba( 0, 0, 0, 0.25 );\n--wpforms-field-text-color: rgba( 0, 0, 0, 0.7 );\n--wpforms-field-menu-color: #ffffff;\n--wpforms-label-color: rgba( 0, 0, 0, 0.85 );\n--wpforms-label-sublabel-color: rgba( 0, 0, 0, 0.55 );\n--wpforms-label-error-color: #d63637;\n--wpforms-button-border-radius: 3px;\n--wpforms-button-border-style: none;\n--wpforms-button-border-size: 1px;\n--wpforms-button-background-color: #066aab;\n--wpforms-button-border-color: #066aab;\n--wpforms-button-text-color: #ffffff;\n--wpforms-page-break-color: #066aab;\n--wpforms-background-image: none;\n--wpforms-background-position: center center;\n--wpforms-background-repeat: no-repeat;\n--wpforms-background-size: cover;\n--wpforms-background-width: 100px;\n--wpforms-background-height: 100px;\n--wpforms-background-color: rgba( 0, 0, 0, 0 );\n--wpforms-background-url: none;\n--wpforms-container-padding: 0px;\n--wpforms-container-border-style: none;\n--wpforms-container-border-width: 1px;\n--wpforms-container-border-color: #000000;\n--wpforms-container-border-radius: 3px;\n--wpforms-field-size-input-height: 43px;\n--wpforms-field-size-input-spacing: 15px;\n--wpforms-field-size-font-size: 16px;\n--wpforms-field-size-line-height: 19px;\n--wpforms-field-size-padding-h: 14px;\n--wpforms-field-size-checkbox-size: 16px;\n--wpforms-field-size-sublabel-spacing: 5px;\n--wpforms-field-size-icon-size: 1;\n--wpforms-label-size-font-size: 16px;\n--wpforms-label-size-line-height: 19px;\n--wpforms-label-size-sublabel-font-size: 14px;\n--wpforms-label-size-sublabel-line-height: 17px;\n--wpforms-button-size-font-size: 17px;\n--wpforms-button-size-height: 41px;\n--wpforms-button-size-padding-h: 15px;\n--wpforms-button-size-margin-top: 10px;\n--wpforms-container-shadow-size-box-shadow: none;\n\n\t\t\t\t}\n\t\t\t<\/style><div class=\"wpforms-container wpforms-container-full wpforms-block wpforms-block-e06f2544-603c-416d-8738-6d89b5fa27a4 wpforms-render-modern\" id=\"wpforms-2359\"><form id=\"wpforms-form-2359\" class=\"wpforms-validate wpforms-form wpforms-ajax-form\" data-formid=\"2359\" method=\"post\" enctype=\"multipart\/form-data\" action=\"\/index.php\/wp-json\/wp\/v2\/pages\/2355\" data-token=\"c1b0b3cab9351f79505ac6d3b64074bb\" data-token-time=\"1775686160\"><noscript class=\"wpforms-error-noscript\">Bitte aktiviere JavaScript in deinem Browser, um dieses Formular fertigzustellen.<\/noscript><div class=\"wpforms-hidden\" id=\"wpforms-error-noscript\">Bitte aktiviere JavaScript in deinem Browser, um dieses Formular fertigzustellen.<\/div><div class=\"wpforms-field-container\"><div id=\"wpforms-2359-field_11-container\" class=\"wpforms-field wpforms-field-text\" data-field-id=\"11\"><label class=\"wpforms-field-label\" for=\"wpforms-2359-field_11\">Vor- &amp; Nachname des Kindes \/ Jugendlichen <span class=\"wpforms-required-label\" aria-hidden=\"true\">*<\/span><\/label><input type=\"text\" id=\"wpforms-2359-field_11\" class=\"wpforms-field-medium wpforms-field-required\" name=\"wpforms[fields][11]\" aria-errormessage=\"wpforms-2359-field_11-error\" required><\/div><div id=\"wpforms-2359-field_13-container\" class=\"wpforms-field wpforms-field-number\" data-field-id=\"13\"><label class=\"wpforms-field-label\" for=\"wpforms-2359-field_13\">Alter des Kindes \/ Jugendlichen <span class=\"wpforms-required-label\" aria-hidden=\"true\">*<\/span><\/label><input type=\"number\" id=\"wpforms-2359-field_13\" class=\"wpforms-field-medium wpforms-field-required\" name=\"wpforms[fields][13]\" aria-errormessage=\"wpforms-2359-field_13-error\" required><\/div><div id=\"wpforms-2359-field_1-container\" class=\"wpforms-field wpforms-field-name\" data-field-id=\"1\"><label class=\"wpforms-field-label\" for=\"wpforms-2359-field_1\">Vor- &amp; Nachname  der Eltern <span class=\"wpforms-required-label\" aria-hidden=\"true\">*<\/span><\/label><input type=\"text\" id=\"wpforms-2359-field_1\" class=\"wpforms-field-medium wpforms-field-required\" name=\"wpforms[fields][1]\" aria-errormessage=\"wpforms-2359-field_1-error\" required><\/div><div id=\"wpforms-2359-field_15-container\" class=\"wpforms-field wpforms-field-number\" data-field-id=\"15\"><label class=\"wpforms-field-label\" for=\"wpforms-2359-field_15\">Telefon der Eltern <span class=\"wpforms-required-label\" aria-hidden=\"true\">*<\/span><\/label><input type=\"number\" id=\"wpforms-2359-field_15\" class=\"wpforms-field-medium wpforms-field-required\" name=\"wpforms[fields][15]\" aria-errormessage=\"wpforms-2359-field_15-error\" required><\/div><div id=\"wpforms-2359-field_17-container\" class=\"wpforms-field wpforms-field-name\" data-field-id=\"17\"><label class=\"wpforms-field-label\" for=\"wpforms-2359-field_17\">Wohnort <span class=\"wpforms-required-label\" aria-hidden=\"true\">*<\/span><\/label><input type=\"text\" id=\"wpforms-2359-field_17\" class=\"wpforms-field-medium wpforms-field-required\" name=\"wpforms[fields][17]\" aria-errormessage=\"wpforms-2359-field_17-error\" required><\/div><div id=\"wpforms-2359-field_8-container\" class=\"wpforms-field wpforms-field-email\" data-field-id=\"8\"><fieldset><legend class=\"wpforms-field-label\">Email der Eltern <span class=\"wpforms-required-label\" aria-hidden=\"true\">*<\/span><\/legend><div class=\"wpforms-field-row wpforms-field-medium\"><div class=\"wpforms-field-row-block wpforms-one-half wpforms-first\"><input type=\"email\" id=\"wpforms-2359-field_8\" class=\"wpforms-field-required wpforms-field-email-primary\" name=\"wpforms[fields][8][primary]\" spellcheck=\"false\" aria-errormessage=\"wpforms-2359-field_8-error\" required><label for=\"wpforms-2359-field_8\" class=\"wpforms-field-sublabel after\">E-Mail-Adresse<\/label><\/div><div class=\"wpforms-field-row-block wpforms-one-half\"><input type=\"email\" id=\"wpforms-2359-field_8-secondary\" class=\"wpforms-field-email-secondary wpforms-field-required\" data-rule-confirm=\"#wpforms-2359-field_8\" name=\"wpforms[fields][8][secondary]\" spellcheck=\"false\" aria-errormessage=\"wpforms-2359-field_8-secondary-error\" required><label for=\"wpforms-2359-field_8-secondary\" class=\"wpforms-field-sublabel after\">E-Mail best\u00e4tigen<\/label><\/div><\/div><\/fieldset><\/div><div id=\"wpforms-2359-field_10-container\" class=\"wpforms-field wpforms-field-checkbox\" data-field-id=\"10\"><fieldset><legend class=\"wpforms-field-label\">M\u00f6chten Sie in Zukunft auf dem Laufenden bleiben \u00fcber die Angebote des Jugendhaus Piccadilly? Abonnieren Sie unseren Newsletter (ca. 1 \u2013 3 x pro Monat). Sie k\u00f6nnen diesen jederzeit via Email abbestellen. Ihre Daten werden nicht an Dritte weitergegeben.  <span class=\"wpforms-required-label\" aria-hidden=\"true\">*<\/span><\/legend><ul id=\"wpforms-2359-field_10\" class=\"wpforms-field-required\"><li class=\"choice-3 depth-1\"><input type=\"checkbox\" id=\"wpforms-2359-field_10_3\" name=\"wpforms[fields][10][]\" value=\"Ja\" aria-errormessage=\"wpforms-2359-field_10_3-error\" required ><label class=\"wpforms-field-label-inline\" for=\"wpforms-2359-field_10_3\">Ja<\/label><\/li><li class=\"choice-14 depth-1\"><input type=\"checkbox\" id=\"wpforms-2359-field_10_14\" name=\"wpforms[fields][10][]\" value=\"Nein\" aria-errormessage=\"wpforms-2359-field_10_14-error\" required ><label class=\"wpforms-field-label-inline\" for=\"wpforms-2359-field_10_14\">Nein<\/label><\/li><li class=\"choice-15 depth-1\"><input type=\"checkbox\" id=\"wpforms-2359-field_10_15\" name=\"wpforms[fields][10][]\" value=\"Bin schon eingetragen\" aria-errormessage=\"wpforms-2359-field_10_15-error\" required ><label class=\"wpforms-field-label-inline\" for=\"wpforms-2359-field_10_15\">Bin schon eingetragen<\/label><\/li><\/ul><\/fieldset><\/div><\/div><!-- .wpforms-field-container --><div class=\"wpforms-submit-container\" ><input type=\"hidden\" name=\"wpforms[id]\" value=\"2359\"><input type=\"hidden\" name=\"page_title\" value=\"\"><input type=\"hidden\" name=\"page_url\" value=\"https:\/\/www.p-i-c.ch\/index.php\/wp-json\/wp\/v2\/pages\/2355\"><button type=\"submit\" name=\"wpforms[submit]\" id=\"wpforms-submit-2359\" class=\"wpforms-submit\" data-alt-text=\"Sending...\" data-submit-text=\"Anmeldung abschicken\" aria-live=\"assertive\" value=\"wpforms-submit\">Anmeldung abschicken<\/button><img loading=\"lazy\" decoding=\"async\" src=\"https:\/\/www.p-i-c.ch\/wp-content\/plugins\/wpforms-lite\/assets\/images\/submit-spin.svg\" class=\"wpforms-submit-spinner\" style=\"display: none;\" width=\"26\" height=\"26\" alt=\"Wird geladen\"><\/div><\/form><\/div>  <!-- .wpforms-container -->\n\n\n<p>Bei Fragen wenden Sie sich bitte an die zust\u00e4ndige Jugendarbeiterin Michaela Ortlepp <br>079 470 64 29, michaela.ortlepp@p-i-c.ch<\/p>\n","protected":false},"excerpt":{"rendered":"<p>Kursbeitrag f\u00fcr 3 Tage pro Kind: 30 CHF Anmeldung bis Fr., 10.04.2026 Diese wird am ersten Tag in bar bei der Kursleitung entrichtet. Kein Twint\/Kartenzahlung! Konzept &amp; Voraussetzung: Bei Fragen wenden Sie sich bitte an die zust\u00e4ndige Jugendarbeiterin Michaela Ortlepp 079 470 64 29, michaela.ortlepp@p-i-c.ch<\/p>\n","protected":false},"author":1,"featured_media":0,"parent":0,"menu_order":0,"comment_status":"closed","ping_status":"closed","template":"","meta":{"footnotes":""},"class_list":["post-2355","page","type-page","status-publish","hentry"],"_links":{"self":[{"href":"https:\/\/www.p-i-c.ch\/index.php\/wp-json\/wp\/v2\/pages\/2355","targetHints":{"allow":["GET"]}}],"collection":[{"href":"https:\/\/www.p-i-c.ch\/index.php\/wp-json\/wp\/v2\/pages"}],"about":[{"href":"https:\/\/www.p-i-c.ch\/index.php\/wp-json\/wp\/v2\/types\/page"}],"author":[{"embeddable":true,"href":"https:\/\/www.p-i-c.ch\/index.php\/wp-json\/wp\/v2\/users\/1"}],"replies":[{"embeddable":true,"href":"https:\/\/www.p-i-c.ch\/index.php\/wp-json\/wp\/v2\/comments?post=2355"}],"version-history":[{"count":3,"href":"https:\/\/www.p-i-c.ch\/index.php\/wp-json\/wp\/v2\/pages\/2355\/revisions"}],"predecessor-version":[{"id":2364,"href":"https:\/\/www.p-i-c.ch\/index.php\/wp-json\/wp\/v2\/pages\/2355\/revisions\/2364"}],"wp:attachment":[{"href":"https:\/\/www.p-i-c.ch\/index.php\/wp-json\/wp\/v2\/media?parent=2355"}],"curies":[{"name":"wp","href":"https:\/\/api.w.org\/{rel}","templated":true}]}}