{"id":2336,"date":"2026-02-17T13:20:11","date_gmt":"2026-02-17T12:20:11","guid":{"rendered":"https:\/\/www.p-i-c.ch\/?page_id=2336"},"modified":"2026-02-17T13:21:22","modified_gmt":"2026-02-17T12:21:22","slug":"tag-der-offenen-tuer-2","status":"publish","type":"page","link":"https:\/\/www.p-i-c.ch\/index.php\/tag-der-offenen-tuer-2\/","title":{"rendered":"Tag der offenen T\u00fcr"},"content":{"rendered":"\n<figure class=\"wp-block-image size-large is-resized\"><img loading=\"lazy\" decoding=\"async\" width=\"724\" height=\"1024\" src=\"https:\/\/www.p-i-c.ch\/wp-content\/uploads\/DKK-homepage2_0-724x1024.png\" alt=\"\" class=\"wp-image-2333\" style=\"width:365px;height:auto\" srcset=\"https:\/\/www.p-i-c.ch\/wp-content\/uploads\/DKK-homepage2_0-724x1024.png 724w, https:\/\/www.p-i-c.ch\/wp-content\/uploads\/DKK-homepage2_0-212x300.png 212w, https:\/\/www.p-i-c.ch\/wp-content\/uploads\/DKK-homepage2_0-768x1086.png 768w, https:\/\/www.p-i-c.ch\/wp-content\/uploads\/DKK-homepage2_0-1086x1536.png 1086w, https:\/\/www.p-i-c.ch\/wp-content\/uploads\/DKK-homepage2_0.png 1240w\" sizes=\"auto, (max-width: 724px) 100vw, 724px\" \/><\/figure>\n\n\n\n<figure class=\"wp-block-image size-large is-resized\"><img loading=\"lazy\" decoding=\"async\" width=\"724\" height=\"1024\" src=\"https:\/\/www.p-i-c.ch\/wp-content\/uploads\/DKK-homepage2_1-724x1024.png\" alt=\"\" class=\"wp-image-2337\" style=\"width:365px;height:auto\" srcset=\"https:\/\/www.p-i-c.ch\/wp-content\/uploads\/DKK-homepage2_1-724x1024.png 724w, https:\/\/www.p-i-c.ch\/wp-content\/uploads\/DKK-homepage2_1-212x300.png 212w, https:\/\/www.p-i-c.ch\/wp-content\/uploads\/DKK-homepage2_1-768x1086.png 768w, https:\/\/www.p-i-c.ch\/wp-content\/uploads\/DKK-homepage2_1-1086x1536.png 1086w, https:\/\/www.p-i-c.ch\/wp-content\/uploads\/DKK-homepage2_1.png 1240w\" sizes=\"auto, (max-width: 724px) 100vw, 724px\" \/><\/figure>\n\n\n\n<figure class=\"wp-block-image size-large is-resized\"><img loading=\"lazy\" decoding=\"async\" width=\"724\" height=\"1024\" src=\"https:\/\/www.p-i-c.ch\/wp-content\/uploads\/DKK-homepage2_2-724x1024.png\" alt=\"\" class=\"wp-image-2338\" style=\"width:366px;height:auto\" srcset=\"https:\/\/www.p-i-c.ch\/wp-content\/uploads\/DKK-homepage2_2-724x1024.png 724w, https:\/\/www.p-i-c.ch\/wp-content\/uploads\/DKK-homepage2_2-212x300.png 212w, https:\/\/www.p-i-c.ch\/wp-content\/uploads\/DKK-homepage2_2-768x1086.png 768w, https:\/\/www.p-i-c.ch\/wp-content\/uploads\/DKK-homepage2_2-1086x1536.png 1086w, https:\/\/www.p-i-c.ch\/wp-content\/uploads\/DKK-homepage2_2.png 1240w\" sizes=\"auto, (max-width: 724px) 100vw, 724px\" \/><\/figure>\n\n\n\n<hr class=\"wp-block-separator has-alpha-channel-opacity\"\/>\n\n\n\n<h2 class=\"wp-block-heading\">Anmeldeformular f\u00fcr Kunstschaffende:<\/h2>\n\n\n<style id=\"wpforms-css-vars-root\">\n\t\t\t\t:root {\n\t\t\t\t\t--wpforms-field-border-radius: 3px;\n--wpforms-field-border-style: solid;\n--wpforms-field-border-size: 1px;\n--wpforms-field-background-color: #ffffff;\n--wpforms-field-border-color: rgba( 0, 0, 0, 0.25 );\n--wpforms-field-border-color-spare: rgba( 0, 0, 0, 0.25 );\n--wpforms-field-text-color: rgba( 0, 0, 0, 0.7 );\n--wpforms-field-menu-color: #ffffff;\n--wpforms-label-color: rgba( 0, 0, 0, 0.85 );\n--wpforms-label-sublabel-color: rgba( 0, 0, 0, 0.55 );\n--wpforms-label-error-color: #d63637;\n--wpforms-button-border-radius: 3px;\n--wpforms-button-border-style: none;\n--wpforms-button-border-size: 1px;\n--wpforms-button-background-color: #066aab;\n--wpforms-button-border-color: #066aab;\n--wpforms-button-text-color: #ffffff;\n--wpforms-page-break-color: #066aab;\n--wpforms-background-image: none;\n--wpforms-background-position: center center;\n--wpforms-background-repeat: no-repeat;\n--wpforms-background-size: cover;\n--wpforms-background-width: 100px;\n--wpforms-background-height: 100px;\n--wpforms-background-color: rgba( 0, 0, 0, 0 );\n--wpforms-background-url: none;\n--wpforms-container-padding: 0px;\n--wpforms-container-border-style: none;\n--wpforms-container-border-width: 1px;\n--wpforms-container-border-color: #000000;\n--wpforms-container-border-radius: 3px;\n--wpforms-field-size-input-height: 43px;\n--wpforms-field-size-input-spacing: 15px;\n--wpforms-field-size-font-size: 16px;\n--wpforms-field-size-line-height: 19px;\n--wpforms-field-size-padding-h: 14px;\n--wpforms-field-size-checkbox-size: 16px;\n--wpforms-field-size-sublabel-spacing: 5px;\n--wpforms-field-size-icon-size: 1;\n--wpforms-label-size-font-size: 16px;\n--wpforms-label-size-line-height: 19px;\n--wpforms-label-size-sublabel-font-size: 14px;\n--wpforms-label-size-sublabel-line-height: 17px;\n--wpforms-button-size-font-size: 17px;\n--wpforms-button-size-height: 41px;\n--wpforms-button-size-padding-h: 15px;\n--wpforms-button-size-margin-top: 10px;\n--wpforms-container-shadow-size-box-shadow: none;\n\n\t\t\t\t}\n\t\t\t<\/style><div class=\"wpforms-container wpforms-container-full wpforms-block wpforms-block-2a43a4e5-6e8c-46c6-9a37-a859787b7326 wpforms-render-modern\" id=\"wpforms-2329\"><form id=\"wpforms-form-2329\" class=\"wpforms-validate wpforms-form wpforms-ajax-form\" data-formid=\"2329\" method=\"post\" enctype=\"multipart\/form-data\" action=\"\/index.php\/wp-json\/wp\/v2\/pages\/2336\" data-token=\"62c467e4b73c159b5d87f7cd03179829\" data-token-time=\"1775308255\"><noscript class=\"wpforms-error-noscript\">Bitte aktiviere JavaScript in deinem Browser, um dieses Formular fertigzustellen.<\/noscript><div class=\"wpforms-hidden\" id=\"wpforms-error-noscript\">Bitte aktiviere JavaScript in deinem Browser, um dieses Formular fertigzustellen.<\/div><div class=\"wpforms-field-container\"><div id=\"wpforms-2329-field_11-container\" class=\"wpforms-field wpforms-field-text\" data-field-id=\"11\"><label class=\"wpforms-field-label\" for=\"wpforms-2329-field_11\">Vor- &amp; Nachname <span class=\"wpforms-required-label\" aria-hidden=\"true\">*<\/span><\/label><input type=\"text\" id=\"wpforms-2329-field_11\" class=\"wpforms-field-medium wpforms-field-required\" name=\"wpforms[fields][11]\" aria-errormessage=\"wpforms-2329-field_11-error\" required><\/div><div id=\"wpforms-2329-field_36-container\" class=\"wpforms-field wpforms-field-text\" data-field-id=\"36\"><label class=\"wpforms-field-label\" for=\"wpforms-2329-field_36\">K\u00fcnstlername <span class=\"wpforms-required-label\" aria-hidden=\"true\">*<\/span><\/label><input type=\"text\" id=\"wpforms-2329-field_36\" class=\"wpforms-field-medium wpforms-field-required\" name=\"wpforms[fields][36]\" aria-errormessage=\"wpforms-2329-field_36-error\" required><\/div><div id=\"wpforms-2329-field_37-container\" class=\"wpforms-field wpforms-field-text\" data-field-id=\"37\"><label class=\"wpforms-field-label\" for=\"wpforms-2329-field_37\">Telefon \/ WhatsApp <span class=\"wpforms-required-label\" aria-hidden=\"true\">*<\/span><\/label><input type=\"text\" id=\"wpforms-2329-field_37\" class=\"wpforms-field-medium wpforms-field-required\" name=\"wpforms[fields][37]\" aria-errormessage=\"wpforms-2329-field_37-error\" required><\/div><div id=\"wpforms-2329-field_38-container\" class=\"wpforms-field wpforms-field-text\" data-field-id=\"38\"><label class=\"wpforms-field-label\" for=\"wpforms-2329-field_38\">E-Mail <span class=\"wpforms-required-label\" aria-hidden=\"true\">*<\/span><\/label><input type=\"text\" id=\"wpforms-2329-field_38\" class=\"wpforms-field-medium wpforms-field-required\" name=\"wpforms[fields][38]\" aria-errormessage=\"wpforms-2329-field_38-error\" required><\/div><div id=\"wpforms-2329-field_39-container\" class=\"wpforms-field wpforms-field-text\" data-field-id=\"39\"><label class=\"wpforms-field-label\" for=\"wpforms-2329-field_39\">Instagram\/Facebook\/TikTok <span class=\"wpforms-required-label\" aria-hidden=\"true\">*<\/span><\/label><input type=\"text\" id=\"wpforms-2329-field_39\" class=\"wpforms-field-medium wpforms-field-required\" name=\"wpforms[fields][39]\" aria-errormessage=\"wpforms-2329-field_39-error\" required><\/div><div id=\"wpforms-2329-field_18-container\" class=\"wpforms-field wpforms-field-text\" data-field-id=\"18\"><label class=\"wpforms-field-label\" for=\"wpforms-2329-field_18\">Alter <span class=\"wpforms-required-label\" aria-hidden=\"true\">*<\/span><\/label><input type=\"text\" id=\"wpforms-2329-field_18\" class=\"wpforms-field-medium wpforms-field-required\" name=\"wpforms[fields][18]\" aria-errormessage=\"wpforms-2329-field_18-error\" required><\/div><div id=\"wpforms-2329-field_40-container\" class=\"wpforms-field wpforms-field-text\" data-field-id=\"40\"><label class=\"wpforms-field-label\" for=\"wpforms-2329-field_40\">Wohnort <span class=\"wpforms-required-label\" aria-hidden=\"true\">*<\/span><\/label><input type=\"text\" id=\"wpforms-2329-field_40\" class=\"wpforms-field-medium wpforms-field-required\" name=\"wpforms[fields][40]\" aria-errormessage=\"wpforms-2329-field_40-error\" required><\/div><div id=\"wpforms-2329-field_10-container\" class=\"wpforms-field wpforms-field-checkbox\" data-field-id=\"10\"><fieldset><legend class=\"wpforms-field-label\">Ist das deine erste Ausstellung <span class=\"wpforms-required-label\" aria-hidden=\"true\">*<\/span><\/legend><ul id=\"wpforms-2329-field_10\" class=\"wpforms-field-required\"><li class=\"choice-21 depth-1\"><input type=\"checkbox\" id=\"wpforms-2329-field_10_21\" name=\"wpforms[fields][10][]\" value=\"ja\" aria-errormessage=\"wpforms-2329-field_10_21-error\" required ><label class=\"wpforms-field-label-inline\" for=\"wpforms-2329-field_10_21\">ja<\/label><\/li><li class=\"choice-29 depth-1\"><input type=\"checkbox\" id=\"wpforms-2329-field_10_29\" name=\"wpforms[fields][10][]\" value=\"nein\" aria-errormessage=\"wpforms-2329-field_10_29-error\" required ><label class=\"wpforms-field-label-inline\" for=\"wpforms-2329-field_10_29\">nein<\/label><\/li><\/ul><\/fieldset><\/div><div id=\"wpforms-2329-field_21-container\" class=\"wpforms-field wpforms-field-checkbox\" data-field-id=\"21\"><fieldset><legend class=\"wpforms-field-label\">Hast du Interesse, die R\u00e4ume des Pic vorg\u00e4ngig zu nutzen, um an deiner Kunst f\u00fcr die Ausstellung zu arbeiten? <span class=\"wpforms-required-label\" aria-hidden=\"true\">*<\/span><\/legend><ul id=\"wpforms-2329-field_21\" class=\"wpforms-field-required\"><li class=\"choice-1 depth-1\"><input type=\"checkbox\" id=\"wpforms-2329-field_21_1\" name=\"wpforms[fields][21][]\" value=\"ja\" aria-errormessage=\"wpforms-2329-field_21_1-error\" required ><label class=\"wpforms-field-label-inline\" for=\"wpforms-2329-field_21_1\">ja<\/label><\/li><li class=\"choice-2 depth-1\"><input type=\"checkbox\" id=\"wpforms-2329-field_21_2\" name=\"wpforms[fields][21][]\" value=\"nein\" aria-errormessage=\"wpforms-2329-field_21_2-error\" required ><label class=\"wpforms-field-label-inline\" for=\"wpforms-2329-field_21_2\">nein<\/label><\/li><li class=\"choice-3 depth-1\"><input type=\"checkbox\" id=\"wpforms-2329-field_21_3\" name=\"wpforms[fields][21][]\" value=\"Ich habe Fragen dazu (Schreib uns)\" aria-errormessage=\"wpforms-2329-field_21_3-error\" required ><label class=\"wpforms-field-label-inline\" for=\"wpforms-2329-field_21_3\">Ich habe Fragen dazu (Schreib uns)<\/label><\/li><\/ul><\/fieldset><\/div><div id=\"wpforms-2329-field_33-container\" class=\"wpforms-field wpforms-field-text\" data-field-id=\"33\"><label class=\"wpforms-field-label\" for=\"wpforms-2329-field_33\">(Falls vorhanden) Thema deiner Kunst<\/label><input type=\"text\" id=\"wpforms-2329-field_33\" class=\"wpforms-field-medium\" name=\"wpforms[fields][33]\" aria-errormessage=\"wpforms-2329-field_33-error\" ><\/div><\/div><!-- .wpforms-field-container --><div class=\"wpforms-submit-container\" ><input type=\"hidden\" name=\"wpforms[id]\" value=\"2329\"><input type=\"hidden\" name=\"page_title\" value=\"\"><input type=\"hidden\" name=\"page_url\" value=\"https:\/\/www.p-i-c.ch\/index.php\/wp-json\/wp\/v2\/pages\/2336\"><button type=\"submit\" name=\"wpforms[submit]\" id=\"wpforms-submit-2329\" class=\"wpforms-submit\" data-alt-text=\"Sending...\" data-submit-text=\"Anmeldung abschicken\" aria-live=\"assertive\" value=\"wpforms-submit\">Anmeldung abschicken<\/button><img loading=\"lazy\" decoding=\"async\" src=\"https:\/\/www.p-i-c.ch\/wp-content\/plugins\/wpforms-lite\/assets\/images\/submit-spin.svg\" class=\"wpforms-submit-spinner\" style=\"display: none;\" width=\"26\" height=\"26\" alt=\"Wird geladen\"><\/div><\/form><\/div>  <!-- .wpforms-container -->\n\n\n<p>Bei Fragen wende dich an die Zust\u00e4ndige Michaela Ortlepp 079 470 64 29 oder <a href=\"mailto:michaela.ortlepp@p-i-c.ch\">michaela.ortlepp@p-i-c.ch<\/a><\/p>\n","protected":false},"excerpt":{"rendered":"<p>Anmeldeformular f\u00fcr Kunstschaffende: Bei Fragen wende dich an die Zust\u00e4ndige Michaela Ortlepp 079 470 64 29 oder michaela.ortlepp@p-i-c.ch<\/p>\n","protected":false},"author":1,"featured_media":0,"parent":0,"menu_order":0,"comment_status":"closed","ping_status":"closed","template":"","meta":{"footnotes":""},"class_list":["post-2336","page","type-page","status-publish","hentry"],"_links":{"self":[{"href":"https:\/\/www.p-i-c.ch\/index.php\/wp-json\/wp\/v2\/pages\/2336","targetHints":{"allow":["GET"]}}],"collection":[{"href":"https:\/\/www.p-i-c.ch\/index.php\/wp-json\/wp\/v2\/pages"}],"about":[{"href":"https:\/\/www.p-i-c.ch\/index.php\/wp-json\/wp\/v2\/types\/page"}],"author":[{"embeddable":true,"href":"https:\/\/www.p-i-c.ch\/index.php\/wp-json\/wp\/v2\/users\/1"}],"replies":[{"embeddable":true,"href":"https:\/\/www.p-i-c.ch\/index.php\/wp-json\/wp\/v2\/comments?post=2336"}],"version-history":[{"count":3,"href":"https:\/\/www.p-i-c.ch\/index.php\/wp-json\/wp\/v2\/pages\/2336\/revisions"}],"predecessor-version":[{"id":2342,"href":"https:\/\/www.p-i-c.ch\/index.php\/wp-json\/wp\/v2\/pages\/2336\/revisions\/2342"}],"wp:attachment":[{"href":"https:\/\/www.p-i-c.ch\/index.php\/wp-json\/wp\/v2\/media?parent=2336"}],"curies":[{"name":"wp","href":"https:\/\/api.w.org\/{rel}","templated":true}]}}