{"id":15,"date":"2018-03-28T12:10:49","date_gmt":"2018-03-28T10:10:49","guid":{"rendered":"http:\/\/web121.login-124.hoststar.ch\/dev0\/?page_id=15"},"modified":"2022-06-02T15:28:06","modified_gmt":"2022-06-02T13:28:06","slug":"ueber-mich","status":"publish","type":"page","link":"https:\/\/www.p-i-c.ch\/index.php\/ueber-mich\/","title":{"rendered":"\u00dcber uns"},"content":{"rendered":"<p>Das Piccadilly geh\u00f6rt zur Stadt Brugg. Im Auftrag der Einwohnergemeinde setzt der <strong>Tr\u00e4gerverein Jugendhaus Piccadilly<\/strong> die Jugend- und Kulturarbeit im Piccadilly um.<\/p>\n<p>Zur Seite <a href=\"http:\/\/www.p-i-c.ch\/index.php\/der-vorstand\/\">des Vorstands<\/a> stehen&nbsp; ein <a href=\"http:\/\/www.p-i-c.ch\/index.php\/das-team\/\">Jugendarbeiter, eine Jugendarbeiterin<\/a>&nbsp;und ein Zivildienstleistender.<\/p>\n<p>Partizipation und Freiwilligkeit der Jugendlichen sind die Prinzipien dieser Arbeit.<\/p>\n\n\n<p><\/p>\n","protected":false},"excerpt":{"rendered":"<p>Das Piccadilly geh\u00f6rt zur Stadt Brugg. Im Auftrag der Einwohnergemeinde setzt der Tr\u00e4gerverein Jugendhaus Piccadilly die Jugend- und Kulturarbeit im Piccadilly um. Zur Seite des Vorstands stehen&nbsp; ein Jugendarbeiter, eine Jugendarbeiterin&nbsp;und ein Zivildienstleistender. Partizipation und Freiwilligkeit der Jugendlichen sind die Prinzipien dieser Arbeit.<\/p>\n","protected":false},"author":1,"featured_media":0,"parent":0,"menu_order":0,"comment_status":"closed","ping_status":"closed","template":"","meta":{"footnotes":""},"class_list":["post-15","page","type-page","status-publish","hentry"],"_links":{"self":[{"href":"https:\/\/www.p-i-c.ch\/index.php\/wp-json\/wp\/v2\/pages\/15","targetHints":{"allow":["GET"]}}],"collection":[{"href":"https:\/\/www.p-i-c.ch\/index.php\/wp-json\/wp\/v2\/pages"}],"about":[{"href":"https:\/\/www.p-i-c.ch\/index.php\/wp-json\/wp\/v2\/types\/page"}],"author":[{"embeddable":true,"href":"https:\/\/www.p-i-c.ch\/index.php\/wp-json\/wp\/v2\/users\/1"}],"replies":[{"embeddable":true,"href":"https:\/\/www.p-i-c.ch\/index.php\/wp-json\/wp\/v2\/comments?post=15"}],"version-history":[{"count":22,"href":"https:\/\/www.p-i-c.ch\/index.php\/wp-json\/wp\/v2\/pages\/15\/revisions"}],"predecessor-version":[{"id":1291,"href":"https:\/\/www.p-i-c.ch\/index.php\/wp-json\/wp\/v2\/pages\/15\/revisions\/1291"}],"wp:attachment":[{"href":"https:\/\/www.p-i-c.ch\/index.php\/wp-json\/wp\/v2\/media?parent=15"}],"curies":[{"name":"wp","href":"https:\/\/api.w.org\/{rel}","templated":true}]}}