{"id":14,"date":"2018-03-28T12:10:49","date_gmt":"2018-03-28T10:10:49","guid":{"rendered":"http:\/\/web121.login-124.hoststar.ch\/dev0\/?page_id=14"},"modified":"2025-12-06T14:14:00","modified_gmt":"2025-12-06T13:14:00","slug":"startseite","status":"publish","type":"page","link":"https:\/\/www.p-i-c.ch\/","title":{"rendered":"Home"},"content":{"rendered":"<p><img loading=\"lazy\" decoding=\"async\" class=\"alignleft wp-image-54 size-thumbnail\" src=\"http:\/\/www.p-i-c.ch\/wp-content\/uploads\/Haus-schwarz-mit-www-fett900px-150x150.png\" alt=\"Piccadilly Logo\" width=\"150\" height=\"150\" srcset=\"https:\/\/www.p-i-c.ch\/wp-content\/uploads\/Haus-schwarz-mit-www-fett900px-150x150.png 150w, https:\/\/www.p-i-c.ch\/wp-content\/uploads\/Haus-schwarz-mit-www-fett900px-300x300.png 300w, https:\/\/www.p-i-c.ch\/wp-content\/uploads\/Haus-schwarz-mit-www-fett900px-768x768.png 768w, https:\/\/www.p-i-c.ch\/wp-content\/uploads\/Haus-schwarz-mit-www-fett900px-100x100.png 100w, https:\/\/www.p-i-c.ch\/wp-content\/uploads\/Haus-schwarz-mit-www-fett900px.png 800w\" sizes=\"auto, (max-width: 150px) 100vw, 150px\" \/><\/p>\n<p>Willkommen im Piccadilly Brugg.<\/p>\n<p>Das Piccadilly, kurz Pic, ist das Jugend- und Kulturhaus der Stadt Brugg im Kanton Aargau. Es beherbergt verschiedene Angebote f\u00fcr ein breites Publikum. An den Wochenenden finden regelm\u00e4ssig Konzerte sowie andere Events und unter der Woche der Mittagstisch f\u00fcr die Sch\u00fclerinnen und Sch\u00fcler statt. An Nachmittagen und Abenden bieten die Jugendarbeitenden Treffm\u00f6glichkeiten mit unterschiedlichen Inhalten an.<\/p>\n<p>Das Angebot richtet sich an Jugendliche und junge Erwachsene..<\/p>\n<p>Das Jugendkulturhaus ist ein Angebot der Stadt Brugg, Ressort &#8222;Gesellschaft&#8220;.<\/p>\n","protected":false},"excerpt":{"rendered":"<p>Willkommen im Piccadilly Brugg. Das Piccadilly, kurz Pic, ist das Jugend- und Kulturhaus der Stadt Brugg im Kanton Aargau. Es beherbergt verschiedene Angebote f\u00fcr ein breites Publikum. An den Wochenenden finden regelm\u00e4ssig Konzerte sowie andere Events und unter der Woche der Mittagstisch f\u00fcr die Sch\u00fclerinnen und Sch\u00fcler statt. An Nachmittagen und Abenden bieten die Jugendarbeitenden &hellip; <\/p>\n<p class=\"link-more\"><a href=\"https:\/\/www.p-i-c.ch\/\" class=\"more-link\"><span class=\"screen-reader-text\">\u201eHome\u201c<\/span> weiterlesen<\/a><\/p>\n","protected":false},"author":1,"featured_media":0,"parent":0,"menu_order":0,"comment_status":"closed","ping_status":"closed","template":"","meta":{"footnotes":""},"class_list":["post-14","page","type-page","status-publish","hentry"],"_links":{"self":[{"href":"https:\/\/www.p-i-c.ch\/index.php\/wp-json\/wp\/v2\/pages\/14","targetHints":{"allow":["GET"]}}],"collection":[{"href":"https:\/\/www.p-i-c.ch\/index.php\/wp-json\/wp\/v2\/pages"}],"about":[{"href":"https:\/\/www.p-i-c.ch\/index.php\/wp-json\/wp\/v2\/types\/page"}],"author":[{"embeddable":true,"href":"https:\/\/www.p-i-c.ch\/index.php\/wp-json\/wp\/v2\/users\/1"}],"replies":[{"embeddable":true,"href":"https:\/\/www.p-i-c.ch\/index.php\/wp-json\/wp\/v2\/comments?post=14"}],"version-history":[{"count":19,"href":"https:\/\/www.p-i-c.ch\/index.php\/wp-json\/wp\/v2\/pages\/14\/revisions"}],"predecessor-version":[{"id":2298,"href":"https:\/\/www.p-i-c.ch\/index.php\/wp-json\/wp\/v2\/pages\/14\/revisions\/2298"}],"wp:attachment":[{"href":"https:\/\/www.p-i-c.ch\/index.php\/wp-json\/wp\/v2\/media?parent=14"}],"curies":[{"name":"wp","href":"https:\/\/api.w.org\/{rel}","templated":true}]}}