{"id":1186,"date":"2021-12-03T16:46:19","date_gmt":"2021-12-03T15:46:19","guid":{"rendered":"https:\/\/www.p-i-c.ch\/?page_id=1186"},"modified":"2021-12-03T16:48:47","modified_gmt":"2021-12-03T15:48:47","slug":"offene-tueren","status":"publish","type":"page","link":"https:\/\/www.p-i-c.ch\/index.php\/offene-tueren\/","title":{"rendered":"Offene T\u00fcren"},"content":{"rendered":"\n<p><strong>Auch ausserhalb unserer regul\u00e4ren \u00d6ffnungszeiten sind die T\u00fcren des Piccadilly offen f\u00fcr Jugendliche.<\/strong> Man kann einfach klingeln, hereinkommen und hier alleine oder mit seinen Freund*innen Zeit verbringen. Bitte beachte, dass dies nat\u00fcrlich nur m\u00f6glich ist, sofern und solange wir Jugendarbeitenden anwesend sind. Am besten kommt man einfach spontan vorbei und schaut, ob wir hier sind oder man ruft kurz an.<\/p>\n\n\n\n<p>Ausserdem fungieren wir als <strong>Anlaufstelle<\/strong> <strong>f\u00fcr alle m\u00f6glichen Fragen und Probleme<\/strong>. Sollte man also mal nicht mehr weiterwissen, an wen man sich mit einem Problem wenden soll oder einfach mit jemandem sprechen will, ist man bei uns an der richtigen Adresse. Als Jugendarbeitende haben wir nat\u00fcrlich viel Erfahrung mit allerlei Jugendfragen und kennen  viele andere Angebote und Anlaufstellen, an welche wir allenfalls weitervermitteln k\u00f6nnen. Selbstverst\u00e4ndlich unterstehen wir der Schweigepflicht und erz\u00e4hlen eure Probleme niemandem weiter.<\/p>\n","protected":false},"excerpt":{"rendered":"<p>Auch ausserhalb unserer regul\u00e4ren \u00d6ffnungszeiten sind die T\u00fcren des Piccadilly offen f\u00fcr Jugendliche. Man kann einfach klingeln, hereinkommen und hier alleine oder mit seinen Freund*innen Zeit verbringen. Bitte beachte, dass dies nat\u00fcrlich nur m\u00f6glich ist, sofern und solange wir Jugendarbeitenden anwesend sind. Am besten kommt man einfach spontan vorbei und schaut, ob wir hier sind &hellip; <\/p>\n<p class=\"link-more\"><a href=\"https:\/\/www.p-i-c.ch\/index.php\/offene-tueren\/\" class=\"more-link\"><span class=\"screen-reader-text\">\u201eOffene T\u00fcren\u201c<\/span> weiterlesen<\/a><\/p>\n","protected":false},"author":1,"featured_media":0,"parent":0,"menu_order":0,"comment_status":"closed","ping_status":"closed","template":"","meta":{"footnotes":""},"class_list":["post-1186","page","type-page","status-publish","hentry"],"_links":{"self":[{"href":"https:\/\/www.p-i-c.ch\/index.php\/wp-json\/wp\/v2\/pages\/1186","targetHints":{"allow":["GET"]}}],"collection":[{"href":"https:\/\/www.p-i-c.ch\/index.php\/wp-json\/wp\/v2\/pages"}],"about":[{"href":"https:\/\/www.p-i-c.ch\/index.php\/wp-json\/wp\/v2\/types\/page"}],"author":[{"embeddable":true,"href":"https:\/\/www.p-i-c.ch\/index.php\/wp-json\/wp\/v2\/users\/1"}],"replies":[{"embeddable":true,"href":"https:\/\/www.p-i-c.ch\/index.php\/wp-json\/wp\/v2\/comments?post=1186"}],"version-history":[{"count":2,"href":"https:\/\/www.p-i-c.ch\/index.php\/wp-json\/wp\/v2\/pages\/1186\/revisions"}],"predecessor-version":[{"id":1191,"href":"https:\/\/www.p-i-c.ch\/index.php\/wp-json\/wp\/v2\/pages\/1186\/revisions\/1191"}],"wp:attachment":[{"href":"https:\/\/www.p-i-c.ch\/index.php\/wp-json\/wp\/v2\/media?parent=1186"}],"curies":[{"name":"wp","href":"https:\/\/api.w.org\/{rel}","templated":true}]}}